{"id":868,"date":"2023-11-17T13:52:04","date_gmt":"2023-11-17T11:52:04","guid":{"rendered":"https:\/\/jipiz.fr\/boussaguet\/?post_type=product&#038;p=868"},"modified":"2023-11-21T16:41:12","modified_gmt":"2023-11-21T14:41:12","slug":"enfant-de-la-basse","status":"publish","type":"product","link":"https:\/\/jipiz.fr\/boussaguet\/produit\/enfant-de-la-basse\/","title":{"rendered":"Enfant de la basse"},"content":{"rendered":"<p>\u00ab\u00a0Le\u00a0\u00bb livre de Pierre Boussaguet.<br \/>\nPierre Boussaguet, un Ambassadeur de la contrebasse, partage son histoire dans \u00ab\u00a0Enfant de la basse\u00a0\u00bb, une autobiographie co-\u00e9crite avec Olivier Desseigne et disponible en auto-\u00e9dition sur le site Boussaguet.Biz. Il \u00e9voque des souvenirs de son enfance \u00e0 Albi, le bal musette, ainsi que ses rencontres avec des personnalit\u00e9s telles que Guy Lafitte, Ray Brown, Diana Krall, Michel Legrand et Natalie Dessay.<br \/>\n<a  href=\"https:\/\/jipiz.fr\/boussaguet\/wp-content\/uploads\/2023\/11\/1couv-e1700222178169.jpg\" data-rel=\"lightbox-gallery-0\" data-rl_title=\"\" data-rl_caption=\"\" title=\"\"><img loading=\"lazy\" decoding=\"async\" src=\"https:\/\/jipiz.fr\/boussaguet\/wp-content\/uploads\/2023\/11\/1couv-e1700222178169.jpg\" alt=\"\" width=\"250\" height=\"375\" class=\"alignnone size-full wp-image-750\" \/><\/a><\/p>\n","protected":false},"excerpt":{"rendered":"<p>\u00ab\u00a0Le\u00a0\u00bb livre de Pierre Boussaguet. Pierre Boussaguet, un Ambassadeur de la contrebasse, partage son histoire dans \u00ab\u00a0Enfant de la basse\u00a0\u00bb, une autobiographie co-\u00e9crite avec Olivier Desseigne et disponible en auto-\u00e9dition sur le site Boussaguet.Biz. Il \u00e9voque des souvenirs de son enfance \u00e0 Albi, le bal musette, ainsi que ses rencontres avec des personnalit\u00e9s telles que [&hellip;]<\/p>\n","protected":false},"featured_media":750,"template":"","meta":[],"product_cat":[28],"product_tag":[29,30],"class_list":{"0":"post-868","1":"product","2":"type-product","3":"status-publish","4":"has-post-thumbnail","6":"product_cat-livre","7":"product_tag-enfant-de-la-basse","8":"product_tag-livre","10":"first","11":"instock","12":"shipping-taxable","13":"purchasable","14":"product-type-simple"},"yoast_head":"<!-- This site is optimized with the Yoast SEO plugin v27.3 - https:\/\/yoast.com\/product\/yoast-seo-wordpress\/ -->\n<title>Enfant de la basse - Victor music<\/title>\n<meta name=\"robots\" content=\"index, follow, max-snippet:-1, max-image-preview:large, max-video-preview:-1\" \/>\n<link rel=\"canonical\" href=\"https:\/\/jipiz.fr\/boussaguet\/produit\/enfant-de-la-basse\/\" \/>\n<meta property=\"og:locale\" content=\"fr_FR\" \/>\n<meta property=\"og:type\" content=\"article\" \/>\n<meta property=\"og:title\" content=\"Enfant de la basse - Victor music\" \/>\n<meta property=\"og:description\" content=\"\u00ab\u00a0Le\u00a0\u00bb livre de Pierre Boussaguet. Pierre Boussaguet, un Ambassadeur de la contrebasse, partage son histoire dans \u00ab\u00a0Enfant de la basse\u00a0\u00bb, une autobiographie co-\u00e9crite avec Olivier Desseigne et disponible en auto-\u00e9dition sur le site Boussaguet.Biz. Il \u00e9voque des souvenirs de son enfance \u00e0 Albi, le bal musette, ainsi que ses rencontres avec des personnalit\u00e9s telles que [&hellip;]\" \/>\n<meta property=\"og:url\" content=\"https:\/\/jipiz.fr\/boussaguet\/produit\/enfant-de-la-basse\/\" \/>\n<meta property=\"og:site_name\" content=\"Victor music\" \/>\n<meta property=\"article:modified_time\" content=\"2023-11-21T14:41:12+00:00\" \/>\n<meta property=\"og:image\" content=\"https:\/\/jipiz.fr\/boussaguet\/wp-content\/uploads\/2023\/11\/1couv-e1700222178169.jpg\" \/>\n\t<meta property=\"og:image:width\" content=\"250\" \/>\n\t<meta property=\"og:image:height\" content=\"375\" \/>\n\t<meta property=\"og:image:type\" content=\"image\/jpeg\" \/>\n<meta name=\"twitter:label1\" content=\"Dur\u00e9e de lecture estim\u00e9e\" \/>\n\t<meta name=\"twitter:data1\" content=\"1 minute\" \/>\n<script type=\"application\/ld+json\" class=\"yoast-schema-graph\">{\"@context\":\"https:\\\/\\\/schema.org\",\"@graph\":[{\"@type\":\"WebPage\",\"@id\":\"https:\\\/\\\/jipiz.fr\\\/boussaguet\\\/produit\\\/enfant-de-la-basse\\\/\",\"url\":\"https:\\\/\\\/jipiz.fr\\\/boussaguet\\\/produit\\\/enfant-de-la-basse\\\/\",\"name\":\"Enfant de la basse - Victor music\",\"isPartOf\":{\"@id\":\"https:\\\/\\\/jipiz.fr\\\/boussaguet\\\/#website\"},\"primaryImageOfPage\":{\"@id\":\"https:\\\/\\\/jipiz.fr\\\/boussaguet\\\/produit\\\/enfant-de-la-basse\\\/#primaryimage\"},\"image\":{\"@id\":\"https:\\\/\\\/jipiz.fr\\\/boussaguet\\\/produit\\\/enfant-de-la-basse\\\/#primaryimage\"},\"thumbnailUrl\":\"https:\\\/\\\/jipiz.fr\\\/boussaguet\\\/wp-content\\\/uploads\\\/2023\\\/11\\\/1couv-e1700222178169.jpg\",\"datePublished\":\"2023-11-17T11:52:04+00:00\",\"dateModified\":\"2023-11-21T14:41:12+00:00\",\"breadcrumb\":{\"@id\":\"https:\\\/\\\/jipiz.fr\\\/boussaguet\\\/produit\\\/enfant-de-la-basse\\\/#breadcrumb\"},\"inLanguage\":\"fr-FR\",\"potentialAction\":[{\"@type\":\"ReadAction\",\"target\":[\"https:\\\/\\\/jipiz.fr\\\/boussaguet\\\/produit\\\/enfant-de-la-basse\\\/\"]}]},{\"@type\":\"ImageObject\",\"inLanguage\":\"fr-FR\",\"@id\":\"https:\\\/\\\/jipiz.fr\\\/boussaguet\\\/produit\\\/enfant-de-la-basse\\\/#primaryimage\",\"url\":\"https:\\\/\\\/jipiz.fr\\\/boussaguet\\\/wp-content\\\/uploads\\\/2023\\\/11\\\/1couv-e1700222178169.jpg\",\"contentUrl\":\"https:\\\/\\\/jipiz.fr\\\/boussaguet\\\/wp-content\\\/uploads\\\/2023\\\/11\\\/1couv-e1700222178169.jpg\",\"width\":250,\"height\":375},{\"@type\":\"BreadcrumbList\",\"@id\":\"https:\\\/\\\/jipiz.fr\\\/boussaguet\\\/produit\\\/enfant-de-la-basse\\\/#breadcrumb\",\"itemListElement\":[{\"@type\":\"ListItem\",\"position\":1,\"name\":\"Boutique\",\"item\":\"https:\\\/\\\/jipiz.fr\\\/boussaguet\\\/?page_id=843\"},{\"@type\":\"ListItem\",\"position\":2,\"name\":\"Enfant de la basse\"}]},{\"@type\":\"WebSite\",\"@id\":\"https:\\\/\\\/jipiz.fr\\\/boussaguet\\\/#website\",\"url\":\"https:\\\/\\\/jipiz.fr\\\/boussaguet\\\/\",\"name\":\"Victor music\",\"description\":\"Le site officiel\",\"publisher\":{\"@id\":\"https:\\\/\\\/jipiz.fr\\\/boussaguet\\\/#organization\"},\"potentialAction\":[{\"@type\":\"SearchAction\",\"target\":{\"@type\":\"EntryPoint\",\"urlTemplate\":\"https:\\\/\\\/jipiz.fr\\\/boussaguet\\\/?s={search_term_string}\"},\"query-input\":{\"@type\":\"PropertyValueSpecification\",\"valueRequired\":true,\"valueName\":\"search_term_string\"}}],\"inLanguage\":\"fr-FR\"},{\"@type\":\"Organization\",\"@id\":\"https:\\\/\\\/jipiz.fr\\\/boussaguet\\\/#organization\",\"name\":\"Victor music\",\"url\":\"https:\\\/\\\/jipiz.fr\\\/boussaguet\\\/\",\"logo\":{\"@type\":\"ImageObject\",\"inLanguage\":\"fr-FR\",\"@id\":\"https:\\\/\\\/jipiz.fr\\\/boussaguet\\\/#\\\/schema\\\/logo\\\/image\\\/\",\"url\":\"https:\\\/\\\/jipiz.fr\\\/boussaguet\\\/wp-content\\\/uploads\\\/2023\\\/11\\\/ma-signature.jpeg\",\"contentUrl\":\"https:\\\/\\\/jipiz.fr\\\/boussaguet\\\/wp-content\\\/uploads\\\/2023\\\/11\\\/ma-signature.jpeg\",\"width\":2375,\"height\":950,\"caption\":\"Victor music\"},\"image\":{\"@id\":\"https:\\\/\\\/jipiz.fr\\\/boussaguet\\\/#\\\/schema\\\/logo\\\/image\\\/\"}}]}<\/script>\n<!-- \/ Yoast SEO plugin. -->","yoast_head_json":{"title":"Enfant de la basse - Victor music","robots":{"index":"index","follow":"follow","max-snippet":"max-snippet:-1","max-image-preview":"max-image-preview:large","max-video-preview":"max-video-preview:-1"},"canonical":"https:\/\/jipiz.fr\/boussaguet\/produit\/enfant-de-la-basse\/","og_locale":"fr_FR","og_type":"article","og_title":"Enfant de la basse - Victor music","og_description":"\u00ab\u00a0Le\u00a0\u00bb livre de Pierre Boussaguet. Pierre Boussaguet, un Ambassadeur de la contrebasse, partage son histoire dans \u00ab\u00a0Enfant de la basse\u00a0\u00bb, une autobiographie co-\u00e9crite avec Olivier Desseigne et disponible en auto-\u00e9dition sur le site Boussaguet.Biz. Il \u00e9voque des souvenirs de son enfance \u00e0 Albi, le bal musette, ainsi que ses rencontres avec des personnalit\u00e9s telles que [&hellip;]","og_url":"https:\/\/jipiz.fr\/boussaguet\/produit\/enfant-de-la-basse\/","og_site_name":"Victor music","article_modified_time":"2023-11-21T14:41:12+00:00","og_image":[{"width":250,"height":375,"url":"https:\/\/jipiz.fr\/boussaguet\/wp-content\/uploads\/2023\/11\/1couv-e1700222178169.jpg","type":"image\/jpeg"}],"twitter_misc":{"Dur\u00e9e de lecture estim\u00e9e":"1 minute"},"schema":{"@context":"https:\/\/schema.org","@graph":[{"@type":"WebPage","@id":"https:\/\/jipiz.fr\/boussaguet\/produit\/enfant-de-la-basse\/","url":"https:\/\/jipiz.fr\/boussaguet\/produit\/enfant-de-la-basse\/","name":"Enfant de la basse - Victor music","isPartOf":{"@id":"https:\/\/jipiz.fr\/boussaguet\/#website"},"primaryImageOfPage":{"@id":"https:\/\/jipiz.fr\/boussaguet\/produit\/enfant-de-la-basse\/#primaryimage"},"image":{"@id":"https:\/\/jipiz.fr\/boussaguet\/produit\/enfant-de-la-basse\/#primaryimage"},"thumbnailUrl":"https:\/\/jipiz.fr\/boussaguet\/wp-content\/uploads\/2023\/11\/1couv-e1700222178169.jpg","datePublished":"2023-11-17T11:52:04+00:00","dateModified":"2023-11-21T14:41:12+00:00","breadcrumb":{"@id":"https:\/\/jipiz.fr\/boussaguet\/produit\/enfant-de-la-basse\/#breadcrumb"},"inLanguage":"fr-FR","potentialAction":[{"@type":"ReadAction","target":["https:\/\/jipiz.fr\/boussaguet\/produit\/enfant-de-la-basse\/"]}]},{"@type":"ImageObject","inLanguage":"fr-FR","@id":"https:\/\/jipiz.fr\/boussaguet\/produit\/enfant-de-la-basse\/#primaryimage","url":"https:\/\/jipiz.fr\/boussaguet\/wp-content\/uploads\/2023\/11\/1couv-e1700222178169.jpg","contentUrl":"https:\/\/jipiz.fr\/boussaguet\/wp-content\/uploads\/2023\/11\/1couv-e1700222178169.jpg","width":250,"height":375},{"@type":"BreadcrumbList","@id":"https:\/\/jipiz.fr\/boussaguet\/produit\/enfant-de-la-basse\/#breadcrumb","itemListElement":[{"@type":"ListItem","position":1,"name":"Boutique","item":"https:\/\/jipiz.fr\/boussaguet\/?page_id=843"},{"@type":"ListItem","position":2,"name":"Enfant de la basse"}]},{"@type":"WebSite","@id":"https:\/\/jipiz.fr\/boussaguet\/#website","url":"https:\/\/jipiz.fr\/boussaguet\/","name":"Victor music","description":"Le site officiel","publisher":{"@id":"https:\/\/jipiz.fr\/boussaguet\/#organization"},"potentialAction":[{"@type":"SearchAction","target":{"@type":"EntryPoint","urlTemplate":"https:\/\/jipiz.fr\/boussaguet\/?s={search_term_string}"},"query-input":{"@type":"PropertyValueSpecification","valueRequired":true,"valueName":"search_term_string"}}],"inLanguage":"fr-FR"},{"@type":"Organization","@id":"https:\/\/jipiz.fr\/boussaguet\/#organization","name":"Victor music","url":"https:\/\/jipiz.fr\/boussaguet\/","logo":{"@type":"ImageObject","inLanguage":"fr-FR","@id":"https:\/\/jipiz.fr\/boussaguet\/#\/schema\/logo\/image\/","url":"https:\/\/jipiz.fr\/boussaguet\/wp-content\/uploads\/2023\/11\/ma-signature.jpeg","contentUrl":"https:\/\/jipiz.fr\/boussaguet\/wp-content\/uploads\/2023\/11\/ma-signature.jpeg","width":2375,"height":950,"caption":"Victor music"},"image":{"@id":"https:\/\/jipiz.fr\/boussaguet\/#\/schema\/logo\/image\/"}}]}},"_links":{"self":[{"href":"https:\/\/jipiz.fr\/boussaguet\/wp-json\/wp\/v2\/product\/868","targetHints":{"allow":["GET"]}}],"collection":[{"href":"https:\/\/jipiz.fr\/boussaguet\/wp-json\/wp\/v2\/product"}],"about":[{"href":"https:\/\/jipiz.fr\/boussaguet\/wp-json\/wp\/v2\/types\/product"}],"wp:featuredmedia":[{"embeddable":true,"href":"https:\/\/jipiz.fr\/boussaguet\/wp-json\/wp\/v2\/media\/750"}],"wp:attachment":[{"href":"https:\/\/jipiz.fr\/boussaguet\/wp-json\/wp\/v2\/media?parent=868"}],"wp:term":[{"taxonomy":"product_cat","embeddable":true,"href":"https:\/\/jipiz.fr\/boussaguet\/wp-json\/wp\/v2\/product_cat?post=868"},{"taxonomy":"product_tag","embeddable":true,"href":"https:\/\/jipiz.fr\/boussaguet\/wp-json\/wp\/v2\/product_tag?post=868"}],"curies":[{"name":"wp","href":"https:\/\/api.w.org\/{rel}","templated":true}]}}